{"id":2831,"date":"2020-12-29T19:13:39","date_gmt":"2020-12-29T18:13:39","guid":{"rendered":"https:\/\/plaggemars.nl\/datenschutzerklaerung\/"},"modified":"2023-12-18T15:50:22","modified_gmt":"2023-12-18T14:50:22","slug":"datenschutzerklaerung","status":"publish","type":"page","link":"https:\/\/plaggemars.nl\/de\/datenschutzerklaerung\/","title":{"rendered":"Datenschutzerkl\u00e4rung"},"content":{"rendered":"[et_pb_section fb_built=&#8220;1&#8243; custom_padding_last_edited=&#8220;on|phone&#8220; admin_label=&#8220;Header&#8220; _builder_version=&#8220;4.17.4&#8243; use_background_color_gradient=&#8220;on&#8220; background_color_gradient_type=&#8220;circular&#8220; background_color_gradient_direction_radial=&#8220;top left&#8220; background_color_gradient_stops=&#8220;rgba(0,79,140,0) 0%|rgba(41,51,115,0.72) 100%&#8220; background_color_gradient_overlays_image=&#8220;on&#8220; background_color_gradient_start=&#8220;rgba(0,79,140,0)&#8220; background_color_gradient_end=&#8220;rgba(41,51,115,0.72)&#8220; background_image=&#8220;https:\/\/plaggemars.nl\/wp-content\/uploads\/2021\/06\/De_juiste_toon_aanslaan.jpg&#8220; custom_padding=&#8220;|0|||false|false&#8220; custom_padding_tablet=&#8220;||||false|false&#8220; custom_padding_phone=&#8220;||||false|false&#8220; top_divider_style=&#8220;wave2&#8243; top_divider_color=&#8220;rgba(41,51,115,0.7)&#8220; top_divider_height=&#8220;300px&#8220; top_divider_flip=&#8220;horizontal&#8220; bottom_divider_style=&#8220;curve&#8220; bottom_divider_color=&#8220;#ffffff&#8220; bottom_divider_height=&#8220;3vw&#8220; global_colors_info=&#8220;{}&#8220;][et_pb_row _builder_version=&#8220;4.16&#8243; global_colors_info=&#8220;{}&#8220;][et_pb_column type=&#8220;4_4&#8243; _builder_version=&#8220;4.16&#8243; custom_padding=&#8220;|||&#8220; global_colors_info=&#8220;{}&#8220; custom_padding__hover=&#8220;|||&#8220;][et_pb_text _builder_version=&#8220;4.17.4&#8243; text_font=&#8220;||||||||&#8220; ul_font=&#8220;||||||||&#8220; ol_font=&#8220;||||||||&#8220; header_font=&#8220;Vollkorn||||||||&#8220; header_font_size=&#8220;84px&#8220; header_letter_spacing=&#8220;1px&#8220; header_line_height=&#8220;1.2em&#8220; header_2_font=&#8220;Vollkorn||||||||&#8220; header_2_font_size=&#8220;60px&#8220; header_2_letter_spacing=&#8220;1px&#8220; header_2_line_height=&#8220;1.4em&#8220; header_3_font=&#8220;||||||||&#8220; header_4_font=&#8220;||||||||&#8220; header_5_font=&#8220;||||||||&#8220; header_6_font=&#8220;||||||||&#8220; background_layout=&#8220;dark&#8220; max_width=&#8220;800px&#8220; module_alignment=&#8220;left&#8220; custom_margin=&#8220;||20px|&#8220; animation_style=&#8220;slide&#8220; animation_direction=&#8220;left&#8220; animation_intensity_slide=&#8220;2%&#8220; header_font_size_tablet=&#8220;35px&#8220; header_font_size_phone=&#8220;30px&#8220; header_font_size_last_edited=&#8220;on|phone&#8220; header_2_font_size_tablet=&#8220;42px&#8220; header_2_font_size_phone=&#8220;30px&#8220; header_2_font_size_last_edited=&#8220;on|tablet&#8220; global_colors_info=&#8220;{}&#8220;]<h2>Datenschutzerkl\u00e4rung<\/h2>[\/et_pb_text][\/et_pb_column][\/et_pb_row][\/et_pb_section][et_pb_section fb_built=&#8220;1&#8243; _builder_version=&#8220;4.17.4&#8243; bottom_divider_style=&#8220;wave&#8220; bottom_divider_color=&#8220;#293373&#8243; bottom_divider_flip=&#8220;horizontal&#8220; global_colors_info=&#8220;{}&#8220;][et_pb_row _builder_version=&#8220;4.16&#8243; background_size=&#8220;initial&#8220; background_position=&#8220;top_left&#8220; background_repeat=&#8220;repeat&#8220; global_colors_info=&#8220;{}&#8220;][et_pb_column type=&#8220;4_4&#8243; _builder_version=&#8220;4.16&#8243; custom_padding=&#8220;|||&#8220; global_colors_info=&#8220;{}&#8220; custom_padding__hover=&#8220;|||&#8220;][et_pb_text _builder_version=&#8220;4.16&#8243; background_size=&#8220;initial&#8220; background_position=&#8220;top_left&#8220; background_repeat=&#8220;repeat&#8220; global_colors_info=&#8220;{}&#8220;]<h2>Privacy statement<\/h2>\n<p>&nbsp;<\/p>\n<h3>Datenschutzerkl\u00e4rung Incassobureau Plaggemars B.V., im Folgenden genannt: Plaggemars Incasso<\/h3>\n<h6>\u2013 <em>Diese Datenschutzerkl\u00e4rung trat am 23.08.2018 in Kraft<\/em><\/h6>\n<p>Plaggemars Incasso ist der Ansicht, dass der Schutz und die Achtung der Privatsph\u00e4re seiner Stakeholder (wie Mitarbeiter, Kunden, Schuldner und andere Gesch\u00e4ftsbeziehungen) von gro\u00dfer Bedeutung ist. Personenbezogene Daten werden mit gr\u00f6\u00dftm\u00f6glicher Sorgfalt behandelt.<\/p>\n<p>Wir k\u00f6nnen unsere gesch\u00e4ftlichen Aktivit\u00e4ten nicht durchf\u00fchren, ohne bestimmte personenbezogene Daten zu verarbeiten. In diesem Zusammenhang halten wir es f\u00fcr wichtig, dass die Verarbeitung personenbezogener Daten in einer Weise erfolgt, die mit den bestehenden Datenschutzma\u00dfnahmen vereinbar ist. Dabei halten wir uns an die bestehenden gesetzlichen Bestimmungen zum Schutz personenbezogener Daten, n\u00e4mlich die Datenschutz-Grundverordnung (DSGVO).<\/p>\n<p>In allen F\u00e4llen h\u00e4lt sich Plaggemars Incasso an die Anforderungen der Datenschutz-Grundverordnung.<\/p>\n<h4>Meldepflicht<\/h4>\n<p>Die Datenschutz-Grundverordnung (DSGVO) sieht eine Meldepflicht vor. Diese Meldepflicht verlangt, dass grunds\u00e4tzlich jede ganz oder teilweise automatisierte Verarbeitung personenbezogener Daten der niederl\u00e4ndischen Datenschutzbeh\u00f6rde, der Autoriteit Persoonsgegevens (AP), gemeldet werden muss. Die AP f\u00fchrt ein \u00f6ffentliches Register, in dem alle (ge\u00e4nderten) Verarbeitungen aufgef\u00fchrt sind, zusammen mit einigen Merkmalen dieser Verarbeitungen wie dem Zweck oder den Zwecken, der Art der betroffenen Personen und den Datenkategorien Das \u00f6ffentliche Register der AP finden Sie auf der Website: <a href=\"https:\/\/autoriteitpersoonsgegevens.nl\/\" target=\"_blank\" rel=\"noopener\"><strong>autoriteitpersoonsgegevens.nl<\/strong><\/a>.<\/p>\n<h4>Unterscheidung zwischen Verantwortlichem und Auftragsverarbeiter<\/h4>\n<p>Soweit unser Auftraggeber die Zwecke und Mittel der Datenverarbeitung der personenbezogenen Daten seiner Schuldner selbst bestimmt, ist unser Auftraggeber der Verantwortliche f\u00fcr seine eigenen personenbezogenen Daten. Wenn schriftlich vereinbart, wird Plaggemars Incasso diese personenbezogenen Daten im Auftrag seines Auftraggebers als Auftragsverarbeiter verarbeiten. Als Auftragsverarbeiter wird Plaggemars Incasso nach bestem Wissen und Gewissen geeignete technische und organisatorische Ma\u00dfnahmen ergreifen, um die personenbezogenen Daten gegen Verlust oder gegen jede Form der unrechtm\u00e4\u00dfigen Verarbeitung zu sch\u00fctzen.<\/p>\n<p>In dieser Datenschutzerkl\u00e4rung informiert Plaggemars Incasso Sie dar\u00fcber, wie es als Verantwortlicher mit Ihren personenbezogenen Daten umgeht.<\/p>\n<h4>Unterscheidung zwischen personenbezogenen Daten und anonymen Daten<\/h4>\n<p>Plaggemars Incasso unterscheidet zwischen personenbezogenen Daten und anonymen Daten.<\/p>\n<p><em>Personenbezogene<\/em> Daten sind diejenigen Daten, anhand derer Ihre Identit\u00e4t zur\u00fcckverfolgt werden kann, wie z.B. Ihr Name, Ihre Adresse, Ihre E-Mail-Adresse, Ihre Telefonnummer und Ihr Alter. Plaggemars Incasso kann auf verschiedene Weise Zugang zu Ihren personenbezogenen Daten erhalten. Einerseits k\u00f6nnen Sie diese personenbezogenen Daten selbst \u00fcber diese Website oder auf andere Weise bereitgestellt haben. Dar\u00fcber hinaus kann Plaggemars Incasso Ihre personenbezogenen Daten von seinen Auftraggebern oder von Datenlieferanten erhalten haben.<\/p>\n<p><em>Anonyme Daten<\/em> sind Daten, die nicht (mehr) zu Ihrer Identit\u00e4t zur\u00fcckverfolgt werden k\u00f6nnen. Ein wichtiges und g\u00e4ngiges Beispiel f\u00fcr anonyme Daten ist die IP-Adresse. Wenn Sie unsere Website besuchen, ist es notwendig, bestimmte Informationen zu sammeln, damit die Verbindung reibungslos funktioniert. Wenn Sie eine Webseite aufrufen, muss der Webserver wissen, wohin die Seite f\u00fchren soll. Zu diesem Zweck wird Ihre IP-Adresse verwendet. Dabei handelt es sich um eine Zahlenfolge, die Ihrem Computer von Ihrem Internet-Provider jedes Mal automatisch zugewiesen wird, wenn Sie sich im Internet anmelden, damit Ihr Computer identifiziert werden kann.<\/p>\n<h4>F\u00fcr welche Zwecke verwendet Plaggemars Incasso Ihre personenbezogenen Daten?<\/h4>\n<p>Wir k\u00f6nnen personenbezogene Daten zu folgenden Zwecken verarbeiten:<br>1. um die von unseren Auftraggebern abgetretenen Forderungen einziehen zu k\u00f6nnen;<br>2. um auf der Grundlage aktueller und historischer (Zahlungs-)Daten, die sich u.a. auf das Inkasso (oder dessen Ergebnisse) beziehen,<br>eine Datenbank zu erstellen, auf deren Grundlage eine Bewertung bzw. ein Risikoprofil ermittelt werden kann,<br>mit dem eine Chance auf Einbringlichkeit abgesch\u00e4tzt werden kann;<br>3. um durch unsere Dienstleistungen dazu beizutragen, eine \u00fcberm\u00e4\u00dfige Kreditvergabe,<br>die Minimierung von Zahlungsrisiken und andere problematische Schuldensituationen bei den Betroffenen zu verhindern.<\/p>\n<p>Plaggemars Incasso verarbeitet personenbezogene Daten ausschlie\u00dflich zu den oben genannten Zwecken, die auch bei der AP registriert sind.<\/p>\n<p>Plaggemars Incasso kann die Daten an Dritte weitergeben, die an der Verarbeitung und Durchf\u00fchrung der oben genannten Zwecke beteiligt sind. Plaggemars Incasso hat Verarbeitungsvertr\u00e4ge mit diesen Dritten abgeschlossen.<\/p>\n<p>Plaggemars Incasso bewahrt Ihre Daten so lange auf, wie dies f\u00fcr die Erbringung der Dienstleistungen erforderlich ist oder wie es aufgrund gesetzlicher Bestimmungen, z.B. steuerlicher Vorschriften, erforderlich ist.<\/p>\n<h4>Schutz personenbezogener Daten<\/h4>\n<p>Plaggemars Incasso behandelt personenbezogene Daten mit \u00e4u\u00dferster Sorgfalt und sorgt zusammen mit etwaigen Auftragsverarbeitern f\u00fcr eine angemessene organisatorische und technische Sicherheit seiner Dateien, in denen die personenbezogenen Daten gespeichert sind. Auf diese Weise stellen wir sicher, dass diese Daten nur von Personen eingesehen werden k\u00f6nnen, die aufgrund ihrer Position dazu berechtigt sind, und dass die Daten nur f\u00fcr die Zwecke verwendet werden, f\u00fcr die sie erhoben wurden.<\/p>\n<h4>Externe Links<\/h4>\n<p>Diese Website kann Links zu anderen Websites enthalten. Wir sind nicht verantwortlich f\u00fcr die Datenschutzrichtlinien oder den Inhalt dieser anderen Websites. Wir empfehlen Ihnen, die Datenschutzerkl\u00e4rungen auf diesen Websites zur Kenntnis zu nehmen.<\/p>\n<h4>Rechte in Bezug auf die Verarbeitung personenbezogener Daten<\/h4>\n<p>Sie haben im Rahmen der Datenschutz-Grundverordnung das Recht, personenbezogene Daten, die Plaggemars Incasso \u00fcber Sie verarbeitet, einzusehen, \u00e4ndern oder l\u00f6schen zu lassen.<\/p>\n<p>Antr\u00e4ge auf Einsicht in die eigenen personenbezogenen Daten k\u00f6nnen schriftlich an die <a href=\"https:\/\/plaggemars.nl\/de\/kontakt\/\"><strong>Postanschrif<\/strong><strong>t<\/strong><\/a> von Plaggemars Incasso gerichtet werden, mit dem Vermerk \u201eEinsicht in die personenbezogenen Daten\u201c und unter Beif\u00fcgung einer Kopie eines g\u00fcltigen Identit\u00e4tsnachweises. Au\u00dferdem sollte der Antragsteller seine private Postanschrift und das Aktenzeichen sowie seine Unterschrift beif\u00fcgen. Sie erhalten innerhalb von 1 Monat eine \u00dcbersicht \u00fcber Ihre Daten oder eine Antwort auf Ihre Anfrage<\/p>\n<p>Wenn Plaggemars Incasso einer Aufforderung zur Korrektur oder Erg\u00e4nzung von Daten nachgekommen ist, wird es Dritte, denen diese Daten zur Verf\u00fcgung gestellt wurden, \u00fcber die vorgenommenen \u00c4nderungen informieren. Wenn die Anfrage unbegr\u00fcndet oder unverh\u00e4ltnism\u00e4\u00dfig ist, kann Plaggemars Incasso eine angemessene Verg\u00fctung verlangen oder die Anfrage ablehnen.<\/p>\n<p>Sie k\u00f6nnen sich bei der AP \u00fcber die Verarbeitung Ihrer Daten durch Plaggemars Incasso oder die Art und Weise, wie Plaggemars Incasso Ihre Rechte wahrnimmt, beschweren.<\/p>\n<h4>\u00c4nderung der Datenschutzerkl\u00e4rung<\/h4>\n<p>Wir k\u00f6nnen diese Datenschutzerkl\u00e4rung jederzeit und mit oder ohne Ank\u00fcndigung \u00e4ndern. Wir empfehlen Ihnen daher, diese Datenschutzerkl\u00e4rung von Zeit zu Zeit erneut zu lesen, damit Sie \u00fcber etwaige \u00c4nderungen dieser Datenschutzerkl\u00e4rung informiert sind.<\/p>\n<h4>Fragen, Bemerkungen oder Beschwerden<\/h4>\n<p>Wenn Sie Fragen haben, die Ihnen diese Datenschutzerkl\u00e4rung nicht beantworten konnte, wenn Sie Anregungen oder Kommentare zu deren Inhalt haben, wenn Sie Einsicht in Ihre personenbezogenen Daten nehmen oder diese \u00e4ndern m\u00f6chten, oder wenn Sie sich \u00fcber den Umgang von Plaggemars Incasso mit Ihren personenbezogenen Daten beschweren m\u00f6chten, k\u00f6nnen Sie auf unserer Website weitere Informationen abrufen oder uns einen Brief oder eine E-Mail mit dem Vermerk \u201eDatenschutz\u201c schicken.<br>Auf diese Weise k\u00f6nnen wir verhindern, dass Probleme oder Bedenken bestehen bleiben.<\/p>\n<p><\/p>[\/et_pb_text][\/et_pb_column][\/et_pb_row][\/et_pb_section][et_pb_section fb_built=&#8220;1&#8243; custom_padding_last_edited=&#8220;on|desktop&#8220; admin_label=&#8220;Footer Deutsch Laag&#8220; _builder_version=&#8220;4.23&#8243; use_background_color_gradient=&#8220;on&#8220; background_color_gradient_type=&#8220;circular&#8220; background_color_gradient_direction_radial=&#8220;top left&#8220; background_color_gradient_stops=&#8220;rgba(0,79,140,0) 0%|rgba(41,51,115,0.75) 50%&#8220; background_color_gradient_overlays_image=&#8220;on&#8220; background_color_gradient_start=&#8220;rgba(0,79,140,0)&#8220; background_color_gradient_end=&#8220;rgba(41,51,115,0.75)&#8220; background_color_gradient_end_position=&#8220;50%&#8220; background_image=&#8220;https:\/\/plaggemars.nl\/wp-content\/uploads\/2021\/06\/Sla_ook_de-juiste-toon-aanslaan.jpg&#8220; height=&#8220;550px&#8220; height_tablet=&#8220;&#8220; height_phone=&#8220;&#8220; height_last_edited=&#8220;on|phone&#8220; custom_padding=&#8220;10vh|0|12vh||false|false&#8220; custom_padding_tablet=&#8220;10vh||10vh||false&#8220; custom_padding_phone=&#8220;5vh||5vh||false&#8220; top_divider_style=&#8220;wave2&#8243; top_divider_color=&#8220;#293373&#8243; top_divider_height=&#8220;150px&#8220; top_divider_flip=&#8220;horizontal&#8220; bottom_divider_style=&#8220;wave&#8220; bottom_divider_color=&#8220;#293373&#8243; bottom_divider_height=&#8220;71px&#8220; bottom_divider_flip=&#8220;vertical&#8220; background_color_gradient_stops_tablet=&#8220;rgba(0,79,140,0) 0%|rgba(41,51,115,0.75) 50%&#8220; background_color_gradient_stops_phone=&#8220;rgba(0,79,140,0) 0%|rgba(41,51,115,0.75) 50%&#8220; global_module=&#8220;4738&#8243; saved_tabs=&#8220;all&#8220; locked=&#8220;off&#8220; global_colors_info=&#8220;{}&#8220;][et_pb_row column_structure=&#8220;2_3,1_3&#8243; _builder_version=&#8220;4.16&#8243; global_colors_info=&#8220;{}&#8220;][et_pb_column type=&#8220;2_3&#8243; _builder_version=&#8220;4.16&#8243; custom_padding=&#8220;|||&#8220; global_colors_info=&#8220;{}&#8220; custom_padding__hover=&#8220;|||&#8220;][et_pb_text _builder_version=&#8220;4.16&#8243; text_font=&#8220;||||||||&#8220; ul_font=&#8220;||||||||&#8220; ol_font=&#8220;||||||||&#8220; header_font=&#8220;Vollkorn||||||||&#8220; header_font_size=&#8220;84px&#8220; header_letter_spacing=&#8220;1px&#8220; header_line_height=&#8220;1.2em&#8220; header_2_font=&#8220;Vollkorn||||||||&#8220; header_2_font_size=&#8220;44px&#8220; header_2_letter_spacing=&#8220;1px&#8220; header_2_line_height=&#8220;1.4em&#8220; header_3_font=&#8220;||||||||&#8220; header_4_font=&#8220;||||||||&#8220; header_5_font=&#8220;||||||||&#8220; header_6_font=&#8220;||||||||&#8220; background_layout=&#8220;dark&#8220; max_width=&#8220;800px&#8220; module_alignment=&#8220;left&#8220; custom_margin=&#8220;||20px|&#8220; animation_style=&#8220;slide&#8220; animation_direction=&#8220;left&#8220; animation_intensity_slide=&#8220;2%&#8220; header_font_size_tablet=&#8220;35px&#8220; header_font_size_phone=&#8220;30px&#8220; header_font_size_last_edited=&#8220;on|desktop&#8220; header_2_font_size_tablet=&#8220;35px&#8220; header_2_font_size_phone=&#8220;30px&#8220; header_2_font_size_last_edited=&#8220;on|desktop&#8220; global_colors_info=&#8220;{}&#8220;]<h2>Treffen auch Sie den richtigen Ton&#8230;<\/h2>\n<p>Wir sind stolz auf unsere langj\u00e4hrige Zusammenarbeit mit u.a. den unten aufgef\u00fchrten Partnern. Nat\u00fcrlich nehmen wir Sie gerne in diese Liste auf.<\/p>[\/et_pb_text][\/et_pb_column][et_pb_column type=&#8220;1_3&#8243; _builder_version=&#8220;4.16&#8243; custom_padding=&#8220;|||&#8220; global_colors_info=&#8220;{}&#8220; custom_padding__hover=&#8220;|||&#8220;][\/et_pb_column][\/et_pb_row][et_pb_row column_structure=&#8220;1_3,1_3,1_3&#8243; use_custom_gutter=&#8220;on&#8220; gutter_width=&#8220;2&#8243; _builder_version=&#8220;4.16&#8243; custom_padding=&#8220;0|0px|0|0px|false|false&#8220; animation_style=&#8220;slide&#8220; animation_direction=&#8220;left&#8220; animation_delay=&#8220;200ms&#8220; animation_intensity_slide=&#8220;2%&#8220; use_custom_width=&#8220;on&#8220; global_colors_info=&#8220;{}&#8220;][et_pb_column type=&#8220;1_3&#8243; _builder_version=&#8220;4.16&#8243; custom_padding=&#8220;|||&#8220; global_colors_info=&#8220;{}&#8220; custom_padding__hover=&#8220;|||&#8220;][et_pb_button button_url=&#8220;tel:+31355411201&#8243; button_text=&#8220;Rufen Sie an: +31 35 541 1201&#8243; button_alignment=&#8220;left&#8220; button_alignment_tablet=&#8220;&#8220; button_alignment_phone=&#8220;center&#8220; button_alignment_last_edited=&#8220;on|desktop&#8220; _builder_version=&#8220;4.23&#8243; custom_button=&#8220;on&#8220; button_text_size=&#8220;16px&#8220; button_text_color=&#8220;#ffffff&#8220; button_bg_color=&#8220;#71BF3B&#8220; button_border_width=&#8220;0px&#8220; button_border_color=&#8220;RGBA(0,0,0,0)&#8220; button_border_radius=&#8220;100px&#8220; button_letter_spacing=&#8220;1px&#8220; button_font=&#8220;Libre Franklin|700|||||||&#8220; button_use_icon=&#8220;off&#8220; background_layout=&#8220;dark&#8220; custom_padding=&#8220;16px|26px|16px|44px|true|false&#8220; button_text_size_tablet=&#8220;&#8220; button_text_size_phone=&#8220;12px&#8220; button_text_size_last_edited=&#8220;on|phone&#8220; button_letter_spacing_hover=&#8220;1px&#8220; button_bg_color_hover=&#8220;#236299&#8243; locked=&#8220;off&#8220; global_colors_info=&#8220;{}&#8220; button_text_size__hover_enabled=&#8220;off&#8220; button_one_text_size__hover_enabled=&#8220;off&#8220; button_two_text_size__hover_enabled=&#8220;off&#8220; button_text_color__hover_enabled=&#8220;off&#8220; button_one_text_color__hover_enabled=&#8220;off&#8220; button_two_text_color__hover_enabled=&#8220;off&#8220; button_border_width__hover_enabled=&#8220;off&#8220; button_one_border_width__hover_enabled=&#8220;off&#8220; button_two_border_width__hover_enabled=&#8220;off&#8220; button_border_color__hover_enabled=&#8220;off&#8220; button_one_border_color__hover_enabled=&#8220;off&#8220; button_two_border_color__hover_enabled=&#8220;off&#8220; button_border_radius__hover_enabled=&#8220;off&#8220; button_one_border_radius__hover_enabled=&#8220;off&#8220; button_two_border_radius__hover_enabled=&#8220;off&#8220; button_letter_spacing__hover_enabled=&#8220;on&#8220; button_letter_spacing__hover=&#8220;1px&#8220; button_one_letter_spacing__hover_enabled=&#8220;off&#8220; button_two_letter_spacing__hover_enabled=&#8220;off&#8220; button_bg_color__hover_enabled=&#8220;on|hover&#8220; button_bg_color__hover=&#8220;#E9C402&#8243; button_one_bg_color__hover_enabled=&#8220;off&#8220; button_two_bg_color__hover_enabled=&#8220;off&#8220; button_bg_enable_color__hover=&#8220;on&#8220;][\/et_pb_button][\/et_pb_column][et_pb_column type=&#8220;1_3&#8243; _builder_version=&#8220;4.16&#8243; custom_padding=&#8220;|||&#8220; global_colors_info=&#8220;{}&#8220; custom_padding__hover=&#8220;|||&#8220;][et_pb_button button_url=&#8220;https:\/\/plaggemars.nl\/de\/termin-vereinbaren\/&#8220; button_text=&#8220;Vereinbaren Sie einen Termin&#8220; button_alignment=&#8220;left&#8220; button_alignment_tablet=&#8220;&#8220; button_alignment_phone=&#8220;center&#8220; button_alignment_last_edited=&#8220;on|tablet&#8220; _builder_version=&#8220;4.23&#8243; custom_button=&#8220;on&#8220; button_text_size=&#8220;16px&#8220; button_text_color=&#8220;#FFFFFF&#8220; button_bg_color=&#8220;#00A0D2&#8243; button_border_width=&#8220;0px&#8220; button_border_color=&#8220;RGBA(0,0,0,0)&#8220; button_border_radius=&#8220;100px&#8220; button_letter_spacing=&#8220;1px&#8220; button_font=&#8220;Libre Franklin|700|||||||&#8220; button_use_icon=&#8220;off&#8220; background_layout=&#8220;dark&#8220; custom_padding=&#8220;16px|26px|16px|44px|true|false&#8220; button_text_size_tablet=&#8220;&#8220; button_text_size_phone=&#8220;12px&#8220; button_text_size_last_edited=&#8220;on|phone&#8220; button_letter_spacing_hover=&#8220;1px&#8220; button_bg_color_hover=&#8220;#27d8d2&#8243; global_colors_info=&#8220;{}&#8220; button_text_size__hover_enabled=&#8220;off&#8220; button_one_text_size__hover_enabled=&#8220;off&#8220; button_two_text_size__hover_enabled=&#8220;off&#8220; button_text_color__hover_enabled=&#8220;off&#8220; button_one_text_color__hover_enabled=&#8220;off&#8220; button_two_text_color__hover_enabled=&#8220;off&#8220; button_border_width__hover_enabled=&#8220;off&#8220; button_one_border_width__hover_enabled=&#8220;off&#8220; button_two_border_width__hover_enabled=&#8220;off&#8220; button_border_color__hover_enabled=&#8220;off&#8220; button_one_border_color__hover_enabled=&#8220;off&#8220; button_two_border_color__hover_enabled=&#8220;off&#8220; button_border_radius__hover_enabled=&#8220;off&#8220; button_one_border_radius__hover_enabled=&#8220;off&#8220; button_two_border_radius__hover_enabled=&#8220;off&#8220; button_letter_spacing__hover_enabled=&#8220;on&#8220; button_letter_spacing__hover=&#8220;1px&#8220; button_one_letter_spacing__hover_enabled=&#8220;off&#8220; button_two_letter_spacing__hover_enabled=&#8220;off&#8220; button_bg_color__hover_enabled=&#8220;on|hover&#8220; button_bg_color__hover=&#8220;#BFA058&#8243; button_one_bg_color__hover_enabled=&#8220;off&#8220; button_two_bg_color__hover_enabled=&#8220;off&#8220; button_bg_enable_color__hover=&#8220;on&#8220;][\/et_pb_button][\/et_pb_column][et_pb_column type=&#8220;1_3&#8243; _builder_version=&#8220;4.16&#8243; custom_padding=&#8220;|||&#8220; global_colors_info=&#8220;{}&#8220; custom_padding__hover=&#8220;|||&#8220;][\/et_pb_column][\/et_pb_row][\/et_pb_section]<!-- \/wp:post-content -->","protected":false},"excerpt":{"rendered":"<p>Datenschutzerkl\u00e4rungPrivacy statement &nbsp; Datenschutzerkl\u00e4rung Incassobureau Plaggemars B.V., im Folgenden genannt: Plaggemars Incasso \u2013 Diese Datenschutzerkl\u00e4rung trat am 23.08.2018 in Kraft Plaggemars Incasso ist der Ansicht, dass der Schutz und die Achtung der Privatsph\u00e4re seiner Stakeholder (wie Mitarbeiter, Kunden, Schuldner und andere Gesch\u00e4ftsbeziehungen) von gro\u00dfer Bedeutung ist. Personenbezogene Daten werden mit gr\u00f6\u00dftm\u00f6glicher Sorgfalt behandelt. Wir k\u00f6nnen [&hellip;]<\/p>\n","protected":false},"author":2,"featured_media":2383,"parent":0,"menu_order":0,"comment_status":"closed","ping_status":"closed","template":"","meta":{"_et_pb_use_builder":"on","_et_pb_old_content":"","_et_gb_content_width":"","footnotes":""},"class_list":["post-2831","page","type-page","status-publish","has-post-thumbnail","hentry"],"_links":{"self":[{"href":"https:\/\/plaggemars.nl\/de\/wp-json\/wp\/v2\/pages\/2831","targetHints":{"allow":["GET"]}}],"collection":[{"href":"https:\/\/plaggemars.nl\/de\/wp-json\/wp\/v2\/pages"}],"about":[{"href":"https:\/\/plaggemars.nl\/de\/wp-json\/wp\/v2\/types\/page"}],"author":[{"embeddable":true,"href":"https:\/\/plaggemars.nl\/de\/wp-json\/wp\/v2\/users\/2"}],"replies":[{"embeddable":true,"href":"https:\/\/plaggemars.nl\/de\/wp-json\/wp\/v2\/comments?post=2831"}],"version-history":[{"count":4,"href":"https:\/\/plaggemars.nl\/de\/wp-json\/wp\/v2\/pages\/2831\/revisions"}],"predecessor-version":[{"id":4748,"href":"https:\/\/plaggemars.nl\/de\/wp-json\/wp\/v2\/pages\/2831\/revisions\/4748"}],"wp:featuredmedia":[{"embeddable":true,"href":"https:\/\/plaggemars.nl\/de\/wp-json\/wp\/v2\/media\/2383"}],"wp:attachment":[{"href":"https:\/\/plaggemars.nl\/de\/wp-json\/wp\/v2\/media?parent=2831"}],"curies":[{"name":"wp","href":"https:\/\/api.w.org\/{rel}","templated":true}]}}