{"id":2818,"date":"2022-03-03T14:59:33","date_gmt":"2022-03-03T13:59:33","guid":{"rendered":"https:\/\/plaggemars.nl\/qualitaetssicherung\/"},"modified":"2025-11-05T16:41:23","modified_gmt":"2025-11-05T15:41:23","slug":"qualitaetssicherung","status":"publish","type":"page","link":"https:\/\/plaggemars.nl\/de\/qualitaetssicherung\/","title":{"rendered":"Qualit\u00e4tssicherung"},"content":{"rendered":"<p>[et_pb_section fb_built=&#8220;1&#8243; custom_padding_last_edited=&#8220;on|phone&#8220; admin_label=&#8220;Header&#8220; _builder_version=&#8220;4.16&#8243; use_background_color_gradient=&#8220;on&#8220; background_color_gradient_type=&#8220;circular&#8220; background_color_gradient_direction_radial=&#8220;top left&#8220; background_color_gradient_stops=&#8220;rgba(0,79,140,0) 0%|rgba(41,51,115,0.72) 100%&#8220; background_color_gradient_overlays_image=&#8220;on&#8220; background_color_gradient_start=&#8220;rgba(0,79,140,0)&#8220; background_color_gradient_end=&#8220;rgba(41,51,115,0.72)&#8220; background_image=&#8220;https:\/\/plaggemars.nl\/wp-content\/uploads\/2021\/06\/De_juiste_toon_aanslaan.jpg&#8220; custom_padding=&#8220;|0|||false|false&#8220; custom_padding_tablet=&#8220;||||false|false&#8220; custom_padding_phone=&#8220;||||false|false&#8220; top_divider_style=&#8220;wave2&#8243; top_divider_color=&#8220;rgba(41,51,115,0.7)&#8220; top_divider_height=&#8220;300px&#8220; top_divider_flip=&#8220;horizontal&#8220; bottom_divider_style=&#8220;curve&#8220; bottom_divider_color=&#8220;#ffffff&#8220; bottom_divider_height=&#8220;3vw&#8220; global_colors_info=&#8220;{}&#8220;][et_pb_row _builder_version=&#8220;4.16&#8243; global_colors_info=&#8220;{}&#8220;][et_pb_column type=&#8220;4_4&#8243; _builder_version=&#8220;4.16&#8243; custom_padding=&#8220;|||&#8220; global_colors_info=&#8220;{}&#8220; custom_padding__hover=&#8220;|||&#8220;][et_pb_text _builder_version=&#8220;4.17.4&#8243; text_font=&#8220;||||||||&#8220; ul_font=&#8220;||||||||&#8220; ol_font=&#8220;||||||||&#8220; header_font=&#8220;Vollkorn||||||||&#8220; header_font_size=&#8220;84px&#8220; header_letter_spacing=&#8220;1px&#8220; header_line_height=&#8220;1.2em&#8220; header_2_font=&#8220;Vollkorn||||||||&#8220; header_2_font_size=&#8220;60px&#8220; header_2_letter_spacing=&#8220;1px&#8220; header_2_line_height=&#8220;1.4em&#8220; header_3_font=&#8220;||||||||&#8220; header_4_font=&#8220;||||||||&#8220; header_5_font=&#8220;||||||||&#8220; header_6_font=&#8220;||||||||&#8220; background_layout=&#8220;dark&#8220; max_width=&#8220;800px&#8220; module_alignment=&#8220;left&#8220; custom_margin=&#8220;||20px|&#8220; animation_style=&#8220;slide&#8220; animation_direction=&#8220;left&#8220; animation_intensity_slide=&#8220;2%&#8220; header_font_size_tablet=&#8220;35px&#8220; header_font_size_phone=&#8220;30px&#8220; header_font_size_last_edited=&#8220;on|phone&#8220; header_2_font_size_tablet=&#8220;42px&#8220; header_2_font_size_phone=&#8220;30px&#8220; header_2_font_size_last_edited=&#8220;on|tablet&#8220; global_colors_info=&#8220;{}&#8220;]<\/p>\n<h2>Qualit\u00e4tssicherung<\/h2>\n<p>[\/et_pb_text][\/et_pb_column][\/et_pb_row][\/et_pb_section][et_pb_section fb_built=&#8220;1&#8243; _builder_version=&#8220;4.16&#8243; global_colors_info=&#8220;{}&#8220;][et_pb_row column_structure=&#8220;1_3,1_3,1_3&#8243; _builder_version=&#8220;4.16&#8243; _module_preset=&#8220;default&#8220; global_colors_info=&#8220;{}&#8220;][et_pb_column type=&#8220;1_3&#8243; _builder_version=&#8220;4.16&#8243; _module_preset=&#8220;default&#8220; global_colors_info=&#8220;{}&#8220;][et_pb_blurb title=&#8220;NVI&#8220; admin_label=&#8220;Blurb Incasso Keurmerk&#8220; _builder_version=&#8220;4.27.4&#8243; _module_preset=&#8220;default&#8220; hover_enabled=&#8220;0&#8243; global_colors_info=&#8220;{}&#8220; sticky_enabled=&#8220;0&#8243;]<\/p>\n<p>Das NVI-Inkasso-G\u00fctesiegel ist eine Initiative des niederl\u00e4ndischen Verbands der Inkassounternehmen (NVI).<\/p>\n<ul>\n<li>F\u00fcr Auftraggeber bedeutet das G\u00fctesiegel, dass die Inkassoaktivit\u00e4ten an einen zuverl\u00e4ssigen Partner mit hohen Standards ausgelagert werden.<\/li>\n<\/ul>\n<ul>\n<li>F\u00fcr Schuldner garantiert das G\u00fctesiegel ein korrektes Vorgehen, eine realistische Berechnung der Inkassokosten und ein unabh\u00e4ngiges Streitbeilegungsverfahren.<\/li>\n<\/ul>\n<p>Plaggemars Incasso hat sich der Zuverl\u00e4ssigkeit und Qualit\u00e4t verschrieben und m\u00f6chte dies durch die Einhaltung der Kriterien des niederl\u00e4ndischen Inkasso-G\u00fctesiegels weiter verbreiten. Diese Kriterien legen Regeln und Standards fest, an die sich Plaggemars Incasso h\u00e4lt und die von dem unabh\u00e4ngigen Pr\u00fcfinstitut in Zoetermeer \u00fcberwacht werden. Das Datum des letzten ausgestellten Zertifikats ist der 30 Oktober 2025.<\/p>\n<p>Wenn Sie wissen m\u00f6chten, was genau das Inkasso-G\u00fctesiegel f\u00fcr Sie bedeutet, klicken Sie bitte auf das Inkasso-G\u00fctesiegel-Logo.<\/p>\n<p>[\/et_pb_blurb][\/et_pb_column][et_pb_column type=&#8220;1_3&#8243; _builder_version=&#8220;4.16&#8243; _module_preset=&#8220;default&#8220; global_colors_info=&#8220;{}&#8220;][et_pb_blurb title=&#8220;NVI&#8220; admin_label=&#8220;Blurb NVI&#8220; _builder_version=&#8220;4.16&#8243; _module_preset=&#8220;default&#8220; global_colors_info=&#8220;{}&#8220;]<\/p>\n<p>Der niederl\u00e4ndische Verband der Inkassounternehmen (Nederlandse Vereniging Incasso-ondernemingen, NVI) wurde 1989 auf Initiative einer Reihe von Inkassounternehmen in den Niederlanden gegr\u00fcndet und hat sich zum Ziel gesetzt, durch strenge Qualit\u00e4tsanforderungen an die angeschlossenen Inkassob\u00fcros eine verantwortungsvolle Arbeitsweise von Inkassounternehmen im gesellschaftlichen Rahmen zu erreichen. Gemeinsam mit dem NVI will Plaggemars Incasso die Branche weiter professionalisieren und deren Image verbessern.<\/p>\n<p>F\u00fcr weitere Informationen: <a href=\"http:\/\/www.nvio.nl\/\" target=\"_blank\" rel=\"noopener\">www.nvio.nl<\/a><\/p>\n<p>[\/et_pb_blurb][\/et_pb_column][et_pb_column type=&#8220;1_3&#8243; _builder_version=&#8220;4.16&#8243; _module_preset=&#8220;default&#8220; global_colors_info=&#8220;{}&#8220;][\/et_pb_column][\/et_pb_row][\/et_pb_section][et_pb_section fb_built=&#8220;1&#8243; custom_padding_last_edited=&#8220;on|desktop&#8220; admin_label=&#8220;Footer Deutsch Laag&#8220; _builder_version=&#8220;4.23&#8243; use_background_color_gradient=&#8220;on&#8220; background_color_gradient_type=&#8220;circular&#8220; background_color_gradient_direction_radial=&#8220;top left&#8220; background_color_gradient_stops=&#8220;rgba(0,79,140,0) 0%|rgba(41,51,115,0.75) 50%&#8220; background_color_gradient_overlays_image=&#8220;on&#8220; background_color_gradient_start=&#8220;rgba(0,79,140,0)&#8220; background_color_gradient_end=&#8220;rgba(41,51,115,0.75)&#8220; background_color_gradient_end_position=&#8220;50%&#8220; background_image=&#8220;https:\/\/plaggemars.nl\/wp-content\/uploads\/2021\/06\/Sla_ook_de-juiste-toon-aanslaan.jpg&#8220; height=&#8220;550px&#8220; height_tablet=&#8220;&#8220; height_phone=&#8220;&#8220; height_last_edited=&#8220;on|phone&#8220; custom_padding=&#8220;10vh|0|12vh||false|false&#8220; custom_padding_tablet=&#8220;10vh||10vh||false&#8220; custom_padding_phone=&#8220;5vh||5vh||false&#8220; top_divider_style=&#8220;wave2&#8243; top_divider_color=&#8220;#293373&#8243; top_divider_height=&#8220;150px&#8220; top_divider_flip=&#8220;horizontal&#8220; bottom_divider_style=&#8220;wave&#8220; bottom_divider_color=&#8220;#293373&#8243; bottom_divider_height=&#8220;71px&#8220; bottom_divider_flip=&#8220;vertical&#8220; background_color_gradient_stops_tablet=&#8220;rgba(0,79,140,0) 0%|rgba(41,51,115,0.75) 50%&#8220; background_color_gradient_stops_phone=&#8220;rgba(0,79,140,0) 0%|rgba(41,51,115,0.75) 50%&#8220; global_module=&#8220;4738&#8243; saved_tabs=&#8220;all&#8220; locked=&#8220;off&#8220; global_colors_info=&#8220;{}&#8220;][et_pb_row column_structure=&#8220;2_3,1_3&#8243; _builder_version=&#8220;4.16&#8243; global_colors_info=&#8220;{}&#8220;][et_pb_column type=&#8220;2_3&#8243; _builder_version=&#8220;4.16&#8243; custom_padding=&#8220;|||&#8220; global_colors_info=&#8220;{}&#8220; custom_padding__hover=&#8220;|||&#8220;][et_pb_text _builder_version=&#8220;4.16&#8243; text_font=&#8220;||||||||&#8220; ul_font=&#8220;||||||||&#8220; ol_font=&#8220;||||||||&#8220; header_font=&#8220;Vollkorn||||||||&#8220; header_font_size=&#8220;84px&#8220; header_letter_spacing=&#8220;1px&#8220; header_line_height=&#8220;1.2em&#8220; header_2_font=&#8220;Vollkorn||||||||&#8220; header_2_font_size=&#8220;44px&#8220; header_2_letter_spacing=&#8220;1px&#8220; header_2_line_height=&#8220;1.4em&#8220; header_3_font=&#8220;||||||||&#8220; header_4_font=&#8220;||||||||&#8220; header_5_font=&#8220;||||||||&#8220; header_6_font=&#8220;||||||||&#8220; background_layout=&#8220;dark&#8220; max_width=&#8220;800px&#8220; module_alignment=&#8220;left&#8220; custom_margin=&#8220;||20px|&#8220; animation_style=&#8220;slide&#8220; animation_direction=&#8220;left&#8220; animation_intensity_slide=&#8220;2%&#8220; header_font_size_tablet=&#8220;35px&#8220; header_font_size_phone=&#8220;30px&#8220; header_font_size_last_edited=&#8220;on|desktop&#8220; header_2_font_size_tablet=&#8220;35px&#8220; header_2_font_size_phone=&#8220;30px&#8220; header_2_font_size_last_edited=&#8220;on|desktop&#8220; global_colors_info=&#8220;{}&#8220;]<\/p>\n<h2>Treffen auch Sie den richtigen Ton&#8230;<\/h2>\n<p>Wir sind stolz auf unsere langj\u00e4hrige Zusammenarbeit mit u.a. den unten aufgef\u00fchrten Partnern. Nat\u00fcrlich nehmen wir Sie gerne in diese Liste auf.<\/p>\n<p>[\/et_pb_text][\/et_pb_column][et_pb_column type=&#8220;1_3&#8243; _builder_version=&#8220;4.16&#8243; custom_padding=&#8220;|||&#8220; global_colors_info=&#8220;{}&#8220; custom_padding__hover=&#8220;|||&#8220;][\/et_pb_column][\/et_pb_row][et_pb_row column_structure=&#8220;1_3,1_3,1_3&#8243; use_custom_gutter=&#8220;on&#8220; gutter_width=&#8220;2&#8243; _builder_version=&#8220;4.16&#8243; custom_padding=&#8220;0|0px|0|0px|false|false&#8220; animation_style=&#8220;slide&#8220; animation_direction=&#8220;left&#8220; animation_delay=&#8220;200ms&#8220; animation_intensity_slide=&#8220;2%&#8220; use_custom_width=&#8220;on&#8220; global_colors_info=&#8220;{}&#8220;][et_pb_column type=&#8220;1_3&#8243; _builder_version=&#8220;4.16&#8243; custom_padding=&#8220;|||&#8220; global_colors_info=&#8220;{}&#8220; custom_padding__hover=&#8220;|||&#8220;][et_pb_button button_url=&#8220;tel:+31355411201&#8243; button_text=&#8220;Rufen Sie an: +31 35 541 1201&#8243; button_alignment=&#8220;left&#8220; button_alignment_tablet=&#8220;&#8220; button_alignment_phone=&#8220;center&#8220; button_alignment_last_edited=&#8220;on|desktop&#8220; _builder_version=&#8220;4.23&#8243; custom_button=&#8220;on&#8220; button_text_size=&#8220;16px&#8220; button_text_color=&#8220;#ffffff&#8220; button_bg_color=&#8220;#71BF3B&#8220; button_border_width=&#8220;0px&#8220; button_border_color=&#8220;RGBA(0,0,0,0)&#8220; button_border_radius=&#8220;100px&#8220; button_letter_spacing=&#8220;1px&#8220; button_font=&#8220;Libre Franklin|700|||||||&#8220; button_use_icon=&#8220;off&#8220; background_layout=&#8220;dark&#8220; custom_padding=&#8220;16px|26px|16px|44px|true|false&#8220; button_text_size_tablet=&#8220;&#8220; button_text_size_phone=&#8220;12px&#8220; button_text_size_last_edited=&#8220;on|phone&#8220; button_letter_spacing_hover=&#8220;1px&#8220; button_bg_color_hover=&#8220;#236299&#8243; locked=&#8220;off&#8220; global_colors_info=&#8220;{}&#8220; button_text_size__hover_enabled=&#8220;off&#8220; button_one_text_size__hover_enabled=&#8220;off&#8220; button_two_text_size__hover_enabled=&#8220;off&#8220; button_text_color__hover_enabled=&#8220;off&#8220; button_one_text_color__hover_enabled=&#8220;off&#8220; button_two_text_color__hover_enabled=&#8220;off&#8220; button_border_width__hover_enabled=&#8220;off&#8220; button_one_border_width__hover_enabled=&#8220;off&#8220; button_two_border_width__hover_enabled=&#8220;off&#8220; button_border_color__hover_enabled=&#8220;off&#8220; button_one_border_color__hover_enabled=&#8220;off&#8220; button_two_border_color__hover_enabled=&#8220;off&#8220; button_border_radius__hover_enabled=&#8220;off&#8220; button_one_border_radius__hover_enabled=&#8220;off&#8220; button_two_border_radius__hover_enabled=&#8220;off&#8220; button_letter_spacing__hover_enabled=&#8220;on&#8220; button_letter_spacing__hover=&#8220;1px&#8220; button_one_letter_spacing__hover_enabled=&#8220;off&#8220; button_two_letter_spacing__hover_enabled=&#8220;off&#8220; button_bg_color__hover_enabled=&#8220;on|hover&#8220; button_bg_color__hover=&#8220;#E9C402&#8243; button_one_bg_color__hover_enabled=&#8220;off&#8220; button_two_bg_color__hover_enabled=&#8220;off&#8220; button_bg_enable_color__hover=&#8220;on&#8220;][\/et_pb_button][\/et_pb_column][et_pb_column type=&#8220;1_3&#8243; _builder_version=&#8220;4.16&#8243; custom_padding=&#8220;|||&#8220; global_colors_info=&#8220;{}&#8220; custom_padding__hover=&#8220;|||&#8220;][et_pb_button button_url=&#8220;https:\/\/plaggemars.nl\/de\/termin-vereinbaren\/&#8220; button_text=&#8220;Vereinbaren Sie einen Termin&#8220; button_alignment=&#8220;left&#8220; button_alignment_tablet=&#8220;&#8220; button_alignment_phone=&#8220;center&#8220; button_alignment_last_edited=&#8220;on|tablet&#8220; _builder_version=&#8220;4.23&#8243; custom_button=&#8220;on&#8220; button_text_size=&#8220;16px&#8220; button_text_color=&#8220;#FFFFFF&#8220; button_bg_color=&#8220;#00A0D2&#8243; button_border_width=&#8220;0px&#8220; button_border_color=&#8220;RGBA(0,0,0,0)&#8220; button_border_radius=&#8220;100px&#8220; button_letter_spacing=&#8220;1px&#8220; button_font=&#8220;Libre Franklin|700|||||||&#8220; button_use_icon=&#8220;off&#8220; background_layout=&#8220;dark&#8220; custom_padding=&#8220;16px|26px|16px|44px|true|false&#8220; button_text_size_tablet=&#8220;&#8220; button_text_size_phone=&#8220;12px&#8220; button_text_size_last_edited=&#8220;on|phone&#8220; button_letter_spacing_hover=&#8220;1px&#8220; button_bg_color_hover=&#8220;#27d8d2&#8243; global_colors_info=&#8220;{}&#8220; button_text_size__hover_enabled=&#8220;off&#8220; button_one_text_size__hover_enabled=&#8220;off&#8220; button_two_text_size__hover_enabled=&#8220;off&#8220; button_text_color__hover_enabled=&#8220;off&#8220; button_one_text_color__hover_enabled=&#8220;off&#8220; button_two_text_color__hover_enabled=&#8220;off&#8220; button_border_width__hover_enabled=&#8220;off&#8220; button_one_border_width__hover_enabled=&#8220;off&#8220; button_two_border_width__hover_enabled=&#8220;off&#8220; button_border_color__hover_enabled=&#8220;off&#8220; button_one_border_color__hover_enabled=&#8220;off&#8220; button_two_border_color__hover_enabled=&#8220;off&#8220; button_border_radius__hover_enabled=&#8220;off&#8220; button_one_border_radius__hover_enabled=&#8220;off&#8220; button_two_border_radius__hover_enabled=&#8220;off&#8220; button_letter_spacing__hover_enabled=&#8220;on&#8220; button_letter_spacing__hover=&#8220;1px&#8220; button_one_letter_spacing__hover_enabled=&#8220;off&#8220; button_two_letter_spacing__hover_enabled=&#8220;off&#8220; button_bg_color__hover_enabled=&#8220;on|hover&#8220; button_bg_color__hover=&#8220;#BFA058&#8243; button_one_bg_color__hover_enabled=&#8220;off&#8220; button_two_bg_color__hover_enabled=&#8220;off&#8220; button_bg_enable_color__hover=&#8220;on&#8220;][\/et_pb_button][\/et_pb_column][et_pb_column type=&#8220;1_3&#8243; _builder_version=&#8220;4.16&#8243; custom_padding=&#8220;|||&#8220; global_colors_info=&#8220;{}&#8220; custom_padding__hover=&#8220;|||&#8220;][\/et_pb_column][\/et_pb_row][\/et_pb_section]<\/p>\n","protected":false},"excerpt":{"rendered":"<p>Qualit\u00e4tssicherungDas NVI-Inkasso-G\u00fctesiegel ist eine Initiative des niederl\u00e4ndischen Verbands der Inkassounternehmen (NVI). F\u00fcr Auftraggeber bedeutet das G\u00fctesiegel, dass die Inkassoaktivit\u00e4ten an einen zuverl\u00e4ssigen Partner mit hohen Standards ausgelagert werden. F\u00fcr Schuldner garantiert das G\u00fctesiegel ein korrektes Vorgehen, eine realistische Berechnung der Inkassokosten und ein unabh\u00e4ngiges Streitbeilegungsverfahren. Plaggemars Incasso hat sich der Zuverl\u00e4ssigkeit und Qualit\u00e4t verschrieben und [&hellip;]<\/p>\n","protected":false},"author":2,"featured_media":2385,"parent":0,"menu_order":0,"comment_status":"closed","ping_status":"open","template":"","meta":{"_et_pb_use_builder":"on","_et_pb_old_content":"","_et_gb_content_width":"","footnotes":""},"class_list":["post-2818","page","type-page","status-publish","has-post-thumbnail","hentry"],"_links":{"self":[{"href":"https:\/\/plaggemars.nl\/de\/wp-json\/wp\/v2\/pages\/2818","targetHints":{"allow":["GET"]}}],"collection":[{"href":"https:\/\/plaggemars.nl\/de\/wp-json\/wp\/v2\/pages"}],"about":[{"href":"https:\/\/plaggemars.nl\/de\/wp-json\/wp\/v2\/types\/page"}],"author":[{"embeddable":true,"href":"https:\/\/plaggemars.nl\/de\/wp-json\/wp\/v2\/users\/2"}],"replies":[{"embeddable":true,"href":"https:\/\/plaggemars.nl\/de\/wp-json\/wp\/v2\/comments?post=2818"}],"version-history":[{"count":4,"href":"https:\/\/plaggemars.nl\/de\/wp-json\/wp\/v2\/pages\/2818\/revisions"}],"predecessor-version":[{"id":7656,"href":"https:\/\/plaggemars.nl\/de\/wp-json\/wp\/v2\/pages\/2818\/revisions\/7656"}],"wp:featuredmedia":[{"embeddable":true,"href":"https:\/\/plaggemars.nl\/de\/wp-json\/wp\/v2\/media\/2385"}],"wp:attachment":[{"href":"https:\/\/plaggemars.nl\/de\/wp-json\/wp\/v2\/media?parent=2818"}],"curies":[{"name":"wp","href":"https:\/\/api.w.org\/{rel}","templated":true}]}}